{"id":46,"date":"2025-12-23T16:03:08","date_gmt":"2025-12-23T16:03:08","guid":{"rendered":"http:\/\/laptitemarmitegasconne.fr\/?page_id=46"},"modified":"2026-01-05T18:21:58","modified_gmt":"2026-01-05T18:21:58","slug":"pizzeria","status":"publish","type":"page","link":"https:\/\/laptitemarmitegasconne.fr\/index.php\/pizzeria\/","title":{"rendered":"C\u00f4t\u00e9 pizzas"},"content":{"rendered":"\n<p><strong>Tous les Vendredi soir de 18h30 \u00e0 21h00<\/strong><\/p>\n\n\n\n<p>Commandez au <a href=\"tel:0562675036\">05 62 67 50 36<\/a> ou au <a href=\"tel:0651640568\">06 51 64 05 68<\/a><\/p>\n\n\n\n<figure class=\"wp-block-table is-style-stripes has-medium-font-size\"><table class=\"has-fixed-layout\"><thead><tr><th class=\"has-text-align-left\" data-align=\"left\">Pizza<\/th><th class=\"has-text-align-center\" data-align=\"center\">Composition<\/th><th class=\"has-text-align-right\" data-align=\"right\">Prix<\/th><\/tr><\/thead><tbody><tr><td class=\"has-text-align-left\" data-align=\"left\"><strong>Margharita<\/strong><\/td><td class=\"has-text-align-center\" data-align=\"center\">Tomate, fromage, olives<\/td><td class=\"has-text-align-right\" data-align=\"right\">8\u20ac<\/td><\/tr><tr><td class=\"has-text-align-left\" data-align=\"left\"><strong>Jambon<\/strong><\/td><td class=\"has-text-align-center\" data-align=\"center\">Tomate, fromage, jambon, origan<\/td><td class=\"has-text-align-right\" data-align=\"right\">9\u20ac50<\/td><\/tr><tr><td class=\"has-text-align-left\" data-align=\"left\"><strong>Anchois<\/strong><\/td><td class=\"has-text-align-center\" data-align=\"center\">Tomate, fromage, anchois, olives<\/td><td class=\"has-text-align-right\" data-align=\"right\">10\u20ac<\/td><\/tr><tr><td class=\"has-text-align-left\" data-align=\"left\"><strong>Ananas<\/strong><\/td><td class=\"has-text-align-center\" data-align=\"center\">Tomate, fromage, jambon, ananas<\/td><td class=\"has-text-align-right\" data-align=\"right\">10\u20ac50<\/td><\/tr><tr><td class=\"has-text-align-left\" data-align=\"left\"><strong>Reine<\/strong><\/td><td class=\"has-text-align-center\" data-align=\"center\">Tomate, fromage, jambon, champignons, olives<\/td><td class=\"has-text-align-right\" data-align=\"right\">10\u20ac50<\/td><\/tr><tr><td class=\"has-text-align-left\" data-align=\"left\"><strong>Chorizo<\/strong><\/td><td class=\"has-text-align-center\" data-align=\"center\">Tomate, fromage, chorizo, poivrons, olives<\/td><td class=\"has-text-align-right\" data-align=\"right\">10\u20ac50<\/td><\/tr><tr><td class=\"has-text-align-left\" data-align=\"left\"><strong>Merguez<\/strong><\/td><td class=\"has-text-align-center\" data-align=\"center\">Tomate, fromage, merguez, olives<\/td><td class=\"has-text-align-right\" data-align=\"right\">11\u20ac50<\/td><\/tr><tr><td class=\"has-text-align-left\" data-align=\"left\"><strong>5 Fromages<\/strong><\/td><td class=\"has-text-align-center\" data-align=\"center\">Tomate, fromage, bleu, fromage de hollande, raclette<\/td><td class=\"has-text-align-right\" data-align=\"right\">11\u20ac50<\/td><\/tr><tr><td class=\"has-text-align-left\" data-align=\"left\"><strong>Ch\u00e8vre Miel<\/strong><\/td><td class=\"has-text-align-center\" data-align=\"center\">Tomate, fromage, ch\u00e8vre, miel<\/td><td class=\"has-text-align-right\" data-align=\"right\">11\u20ac<\/td><\/tr><tr><td class=\"has-text-align-left\" data-align=\"left\"><strong>Bolognaise<\/strong><\/td><td class=\"has-text-align-center\" data-align=\"center\">Tomate, fromage, viande hach\u00e9e, oignons, cr\u00e8me<\/td><td class=\"has-text-align-right\" data-align=\"right\">11\u20ac<\/td><\/tr><tr><td class=\"has-text-align-left\" data-align=\"left\"><strong>Ch\u00e8vre Persill\u00e9e<\/strong><\/td><td class=\"has-text-align-center\" data-align=\"center\">Tomate, fromage, ch\u00e8vre, lardons, oignons, persillade<\/td><td class=\"has-text-align-right\" data-align=\"right\">12\u20ac<\/td><\/tr><tr><td class=\"has-text-align-left\" data-align=\"left\"><strong>Fruits de Mer<\/strong><\/td><td class=\"has-text-align-center\" data-align=\"center\">Tomate, fromage, fruits de mer, curry<\/td><td class=\"has-text-align-right\" data-align=\"right\">13\u20ac<\/td><\/tr><tr><td class=\"has-text-align-left\" data-align=\"left\"><strong>Saumon<\/strong><\/td><td class=\"has-text-align-center\" data-align=\"center\">Tomate, fromage, saumon fum\u00e9, origan<\/td><td class=\"has-text-align-right\" data-align=\"right\">13\u20ac<\/td><\/tr><tr><td class=\"has-text-align-left\" data-align=\"left\"><strong>Kebab<\/strong><\/td><td class=\"has-text-align-center\" data-align=\"center\">Tomate, fromage, lamelles de poulet aux \u00e9pices kebab, cr\u00e8me fra\u00eeche, origan<\/td><td class=\"has-text-align-right\" data-align=\"right\">13\u20ac<\/td><\/tr><tr><td class=\"has-text-align-left\" data-align=\"left\"><strong>Paysanne<\/strong><\/td><td class=\"has-text-align-center\" data-align=\"center\">Tomate, fromage, jambon, champignons, lardons, oignons, \u0153uf<\/td><td class=\"has-text-align-right\" data-align=\"right\">13\u20ac<\/td><\/tr><tr><td class=\"has-text-align-left\" data-align=\"left\"><strong>Gasconne<\/strong><\/td><td class=\"has-text-align-center\" data-align=\"center\">Tomate, fromage, g\u00e9siers confits, magret, champignons, persillade<\/td><td class=\"has-text-align-right\" data-align=\"right\">14\u20ac<\/td><\/tr><tr><td class=\"has-text-align-left\" data-align=\"left\"><strong>Camembert<\/strong><\/td><td class=\"has-text-align-center\" data-align=\"center\">Tomate, fromage, camembert, lardons, oignons<\/td><td class=\"has-text-align-right\" data-align=\"right\">11\u20ac<\/td><\/tr><tr><td class=\"has-text-align-left\" data-align=\"left\"><strong>Savoyarde<\/strong><\/td><td class=\"has-text-align-center\" data-align=\"center\">Tomate, fromage, pommes de terres, lardons, reblochon, raclette, oignons<\/td><td class=\"has-text-align-right\" data-align=\"right\">14\u20ac<\/td><\/tr><tr><td class=\"has-text-align-left\" data-align=\"left\"><strong>Veggie<\/strong><\/td><td class=\"has-text-align-center\" data-align=\"center\">Tomate, fromage, champignons, poivrons, oignons, ch\u00e8vre, olives<\/td><td class=\"has-text-align-right\" data-align=\"right\">12\u20ac<\/td><\/tr><tr><td class=\"has-text-align-left\" data-align=\"left\"><strong>Poulette Hawa\u00ef<\/strong><\/td><td class=\"has-text-align-center\" data-align=\"center\">Tomate, fromage, lamelles de poulet, poivrons, ananas<\/td><td class=\"has-text-align-right\" data-align=\"right\">11\u20ac50<\/td><\/tr><tr><td class=\"has-text-align-left\" data-align=\"left\"><strong>Poulette Bombay<\/strong><\/td><td class=\"has-text-align-center\" data-align=\"center\">Tomate, fromage, lamelles de poulet, oignons, cr\u00e8me au curry<\/td><td class=\"has-text-align-right\" data-align=\"right\">11\u20ac50<\/td><\/tr><tr><td class=\"has-text-align-left\" data-align=\"left\"><strong>Maximus Carnivor<\/strong><\/td><td class=\"has-text-align-center\" data-align=\"center\">Tomate, fromage, poulet, chorizo, lardons, pommes de terre, viande hach\u00e9e, origan, oeuf<\/td><td class=\"has-text-align-right\" data-align=\"right\">16\u20ac<\/td><\/tr><tr><td class=\"has-text-align-left\" data-align=\"left\"><strong>Madril\u00e8ne<\/strong><\/td><td class=\"has-text-align-center\" data-align=\"center\">Tomate, fromage, chorizo, merguez, poivrons, oignons, olives<\/td><td class=\"has-text-align-right\" data-align=\"right\">13\u20ac<\/td><\/tr><tr><td class=\"has-text-align-left\" data-align=\"left\"><strong>Douce ch\u00e8vre<\/strong><\/td><td class=\"has-text-align-center\" data-align=\"center\">Tomate, fromage, ch\u00e8vre, jambon, ananas, cr\u00e8me, miel<\/td><td class=\"has-text-align-right\" data-align=\"right\">13\u20ac<\/td><\/tr><tr><td class=\"has-text-align-left\" data-align=\"left\"><strong>Veggie montagne<\/strong><\/td><td class=\"has-text-align-center\" data-align=\"center\">Tomate, fromage, pommes de terre, raclette, reblochon, persillade<\/td><td class=\"has-text-align-right\" data-align=\"right\">13\u20ac<\/td><\/tr><tr><td class=\"has-text-align-left\" data-align=\"left\"><strong>Maximus 7 Fromages<\/strong><\/td><td class=\"has-text-align-center\" data-align=\"center\">Tomate, fromage, reblochon, bleu, raclette, fromage de hollande, ch\u00e8vre<\/td><td class=\"has-text-align-right\" data-align=\"right\">13\u20ac50<\/td><\/tr><tr><td class=\"has-text-align-left\" data-align=\"left\"><strong>Calandouce<\/strong><\/td><td class=\"has-text-align-center\" data-align=\"center\">Tomate, fromage, camembert, miel, origan<\/td><td class=\"has-text-align-right\" data-align=\"right\">10\u20ac<\/td><\/tr><tr><td class=\"has-text-align-left\" data-align=\"left\"><strong>Diablesse<\/strong><\/td><td class=\"has-text-align-center\" data-align=\"center\">Tomate, fromage, poulet, chorizo, piments, poivrons, persillade, cr\u00e8me<\/td><td class=\"has-text-align-right\" data-align=\"right\">13\u20ac<\/td><\/tr><tr><td class=\"has-text-align-left\" data-align=\"left\"><strong>Normande<\/strong><\/td><td class=\"has-text-align-center\" data-align=\"center\">Tomate, fromage, jambon, lardons, pommes de terre, camembert.<\/td><td class=\"has-text-align-right\" data-align=\"right\">13\u20ac50<\/td><\/tr><tr><td class=\"has-text-align-left\" data-align=\"left\"><strong>Orient express<\/strong><\/td><td class=\"has-text-align-center\" data-align=\"center\">Tomate, fromage, ch\u00e8vre, lamelles de poulet, cr\u00e8me de curry, oignons, origan<\/td><td class=\"has-text-align-right\" data-align=\"right\">13\u20ac<\/td><\/tr><\/tbody><\/table><\/figure>\n\n\n\n<p><\/p>\n\n\n\n<p><\/p>\n","protected":false},"excerpt":{"rendered":"<p>Tous les Vendredi soir de 18h30 \u00e0 21h00 Commandez au 05 62 67 50 36 ou au 06 51 64 05 68 Pizza Composition Prix Margharita Tomate, fromage, olives 8\u20ac Jambon Tomate, fromage, jambon, origan 9\u20ac50 Anchois Tomate, fromage, anchois, olives 10\u20ac Ananas Tomate, fromage, jambon, ananas 10\u20ac50 Reine Tomate, fromage, jambon, champignons, olives 10\u20ac50 [&hellip;]<\/p>\n","protected":false},"author":1,"featured_media":0,"parent":0,"menu_order":3,"comment_status":"closed","ping_status":"closed","template":"","meta":{"footnotes":""},"class_list":["post-46","page","type-page","status-publish","hentry"],"_links":{"self":[{"href":"https:\/\/laptitemarmitegasconne.fr\/index.php\/wp-json\/wp\/v2\/pages\/46","targetHints":{"allow":["GET"]}}],"collection":[{"href":"https:\/\/laptitemarmitegasconne.fr\/index.php\/wp-json\/wp\/v2\/pages"}],"about":[{"href":"https:\/\/laptitemarmitegasconne.fr\/index.php\/wp-json\/wp\/v2\/types\/page"}],"author":[{"embeddable":true,"href":"https:\/\/laptitemarmitegasconne.fr\/index.php\/wp-json\/wp\/v2\/users\/1"}],"replies":[{"embeddable":true,"href":"https:\/\/laptitemarmitegasconne.fr\/index.php\/wp-json\/wp\/v2\/comments?post=46"}],"version-history":[{"count":8,"href":"https:\/\/laptitemarmitegasconne.fr\/index.php\/wp-json\/wp\/v2\/pages\/46\/revisions"}],"predecessor-version":[{"id":214,"href":"https:\/\/laptitemarmitegasconne.fr\/index.php\/wp-json\/wp\/v2\/pages\/46\/revisions\/214"}],"wp:attachment":[{"href":"https:\/\/laptitemarmitegasconne.fr\/index.php\/wp-json\/wp\/v2\/media?parent=46"}],"curies":[{"name":"wp","href":"https:\/\/api.w.org\/{rel}","templated":true}]}}