{"id":67,"date":"2025-12-23T17:11:54","date_gmt":"2025-12-23T17:11:54","guid":{"rendered":"http:\/\/laptitemarmitegasconne.fr\/?page_id=67"},"modified":"2026-01-05T18:24:57","modified_gmt":"2026-01-05T18:24:57","slug":"lhistoire","status":"publish","type":"page","link":"https:\/\/laptitemarmitegasconne.fr\/index.php\/lhistoire\/","title":{"rendered":"Notre histoire"},"content":{"rendered":"\n<p>Il y a 25 ans ce couple arriv\u00e9 du Sud-Est posait ses valises dans cette Bastide du Gers avec leurs 2 enfants \u00e2g\u00e9s de 2 et 3 ans.<\/p>\n\n\n\n<div class=\"wp-block-columns is-layout-flex wp-container-core-columns-is-layout-28f84493 wp-block-columns-is-layout-flex\">\n<div class=\"wp-block-column is-layout-flow wp-block-column-is-layout-flow\">\n<figure class=\"wp-block-image size-full\"><img loading=\"lazy\" decoding=\"async\" width=\"702\" height=\"479\" src=\"http:\/\/laptitemarmitegasconne.fr\/wp-content\/uploads\/2025\/12\/Pic241.webp\" alt=\"\" class=\"wp-image-68\" style=\"box-shadow:-30px 0px 0px -13px #fff3e1, -30px 0px 0 -10px #181818\" srcset=\"https:\/\/laptitemarmitegasconne.fr\/wp-content\/uploads\/2025\/12\/Pic241.webp 702w, https:\/\/laptitemarmitegasconne.fr\/wp-content\/uploads\/2025\/12\/Pic241-300x205.webp 300w\" sizes=\"auto, (max-width: 702px) 100vw, 702px\" \/><figcaption class=\"wp-element-caption\">Restaurant du Midi &#8211; 1967<\/figcaption><\/figure>\n<\/div>\n\n\n\n<div class=\"wp-block-column is-layout-flow wp-block-column-is-layout-flow\">\n<div style=\"height:100px\" aria-hidden=\"true\" class=\"wp-block-spacer\"><\/div>\n\n\n\n<figure class=\"wp-block-image size-large\"><img loading=\"lazy\" decoding=\"async\" width=\"1024\" height=\"674\" src=\"http:\/\/laptitemarmitegasconne.fr\/wp-content\/uploads\/2025\/12\/Pic230-1024x674.webp\" alt=\"\" class=\"wp-image-69\" style=\"box-shadow:var(--wp--preset--shadow--shadow-1)\" srcset=\"https:\/\/laptitemarmitegasconne.fr\/wp-content\/uploads\/2025\/12\/Pic230-1024x674.webp 1024w, https:\/\/laptitemarmitegasconne.fr\/wp-content\/uploads\/2025\/12\/Pic230-300x198.webp 300w, https:\/\/laptitemarmitegasconne.fr\/wp-content\/uploads\/2025\/12\/Pic230-768x506.webp 768w, https:\/\/laptitemarmitegasconne.fr\/wp-content\/uploads\/2025\/12\/Pic230-1536x1011.webp 1536w, https:\/\/laptitemarmitegasconne.fr\/wp-content\/uploads\/2025\/12\/Pic230.webp 1739w\" sizes=\"auto, (max-width: 1024px) 100vw, 1024px\" \/><figcaption class=\"wp-element-caption\">La P&rsquo;tite Marmite Gasconne &#8211; 2007<\/figcaption><\/figure>\n<\/div>\n<\/div>\n\n\n\n<p class=\"has-source-serif-pro-font-family has-x-large-font-size\" style=\"font-style:normal;font-weight:400\">Leur nouvelle vie venait de commencer.<\/p>\n\n\n\n<p>Jo\u00eblle passionn\u00e9e de cuisine allait enfin r\u00e9aliser son r\u00eave, ouvrir un restaurant o\u00f9 l&rsquo;on pourrait d\u00e9jeuner en toute simplicit\u00e9 dans une ambiance authentique, d\u00e9guster un repas sans pr\u00e9tention mais r\u00e9ellement cuisin\u00e9 \u00e0 base de produits bruts en se faisant la promesse qu&rsquo;aucun produit transform\u00e9 par des industriels ne passerait la porte de sa cuisine. Ainsi, tous les jours, <strong>Jo\u00eblle concocte son potage, ses plats et ses desserts et r\u00e9alise elle-m\u00eame le pain qui accompagne ce repas.<\/strong> Cherchant toujours \u00e0 s\u2019approvisionner au plus pr\u00e8s du restaurant, la grande majorit\u00e9 des l\u00e9gumes proviennent de petits producteurs locaux, la viande est prise le plus souvent possible chez le boucher du village et m\u00eame lorsque il y a du saumon de fontaine au menu, celui-ci provient de la ferme aquaponique d&rsquo;Aux Aussat.<\/p>\n\n\n\n<p>Chaque ann\u00e9e et depuis plus de 25 ans, Jo\u00eblle enrichit sa palette culinaire par des formations, soit en cuisine, soit en p\u00e2tisserie, cela lui permettant aussi de renouveler ses recettes.<\/p>\n\n\n\n<div class=\"wp-block-columns is-layout-flex wp-container-core-columns-is-layout-28f84493 wp-block-columns-is-layout-flex\">\n<div class=\"wp-block-column is-layout-flow wp-block-column-is-layout-flow\">\n<div style=\"height:100px\" aria-hidden=\"true\" class=\"wp-block-spacer\"><\/div>\n\n\n\n<figure class=\"wp-block-image size-full\"><img loading=\"lazy\" decoding=\"async\" width=\"640\" height=\"480\" src=\"http:\/\/laptitemarmitegasconne.fr\/wp-content\/uploads\/2025\/12\/mariage_11.webp\" alt=\"\" class=\"wp-image-159\" style=\"box-shadow:-30px 0px 0px -13px #fff3e1, -30px 0px 0 -10px #181818\" srcset=\"https:\/\/laptitemarmitegasconne.fr\/wp-content\/uploads\/2025\/12\/mariage_11.webp 640w, https:\/\/laptitemarmitegasconne.fr\/wp-content\/uploads\/2025\/12\/mariage_11-300x225.webp 300w\" sizes=\"auto, (max-width: 640px) 100vw, 640px\" \/><\/figure>\n<\/div>\n\n\n\n<div class=\"wp-block-column is-layout-flow wp-block-column-is-layout-flow\">\n<figure class=\"wp-block-image size-full\"><img loading=\"lazy\" decoding=\"async\" width=\"1440\" height=\"1080\" src=\"http:\/\/laptitemarmitegasconne.fr\/wp-content\/uploads\/2025\/12\/Imgp3730.webp\" alt=\"\" class=\"wp-image-158\" style=\"box-shadow:var(--wp--preset--shadow--shadow-1)\" srcset=\"https:\/\/laptitemarmitegasconne.fr\/wp-content\/uploads\/2025\/12\/Imgp3730.webp 1440w, https:\/\/laptitemarmitegasconne.fr\/wp-content\/uploads\/2025\/12\/Imgp3730-300x225.webp 300w, https:\/\/laptitemarmitegasconne.fr\/wp-content\/uploads\/2025\/12\/Imgp3730-1024x768.webp 1024w, https:\/\/laptitemarmitegasconne.fr\/wp-content\/uploads\/2025\/12\/Imgp3730-768x576.webp 768w\" sizes=\"auto, (max-width: 1440px) 100vw, 1440px\" \/><\/figure>\n<\/div>\n<\/div>\n\n\n\n<p><strong>Aujourd&rsquo;hui, apr\u00e8s plus de 25ans dans le Gers, au vu de ce qu\u2019est devenue \u201dLa P\u2019tite Marmite Gasconne\u201d ce couple consid\u00e8re avoir fait le bon choix.<\/strong><br>C&rsquo;est pourquoi, que vous soyez de passage ou un habitu\u00e9, press\u00e9 ou avec un peu plus de temps, \u00c9ric sera fier de vous proposer un menu confectionn\u00e9 le matin par son \u00e9pouse ainsi qu&rsquo;une formule adapt\u00e9e \u00e0 votre app\u00e9tit.<\/p>\n\n\n\n<p>En esp\u00e9rant que ce descriptif vous permette de mieux comprendre ce qu&rsquo;est<br><strong>la P&rsquo;tite Marmite Gasconne de Mi\u00e9lan et nous vous invitons \u00e0 passer un bon moment dans notre restaurant.<\/strong><\/p>\n\n\n\n<p class=\"has-text-align-right has-source-serif-pro-font-family has-x-large-font-size\" style=\"font-style:italic;font-weight:400\">Jo\u00eblle et Eric<\/p>\n\n\n\n<div class=\"wp-block-group is-content-justification-right is-layout-constrained wp-container-core-group-is-layout-f1f2ed93 wp-block-group-is-layout-constrained\">\n<figure class=\"wp-block-image alignright size-thumbnail has-custom-border\"><img loading=\"lazy\" decoding=\"async\" width=\"150\" height=\"150\" src=\"http:\/\/laptitemarmitegasconne.fr\/wp-content\/uploads\/2025\/12\/Screenshot_20251224-130802-150x150.jpg\" alt=\"\" class=\"wp-image-164\" style=\"border-top-left-radius:100px;border-top-right-radius:100px;border-bottom-left-radius:100px;border-bottom-right-radius:100px;box-shadow:-30px 0px 0px -13px #fff3e1, -30px 0px 0 -10px #181818;aspect-ratio:1;object-fit:cover\"\/><\/figure>\n<\/div>\n","protected":false},"excerpt":{"rendered":"<p>Il y a 25 ans ce couple arriv\u00e9 du Sud-Est posait ses valises dans cette Bastide du Gers avec leurs 2 enfants \u00e2g\u00e9s de 2 et 3 ans. Leur nouvelle vie venait de commencer. Jo\u00eblle passionn\u00e9e de cuisine allait enfin r\u00e9aliser son r\u00eave, ouvrir un restaurant o\u00f9 l&rsquo;on pourrait d\u00e9jeuner en toute simplicit\u00e9 dans une [&hellip;]<\/p>\n","protected":false},"author":1,"featured_media":0,"parent":0,"menu_order":1,"comment_status":"closed","ping_status":"closed","template":"","meta":{"footnotes":""},"class_list":["post-67","page","type-page","status-publish","hentry"],"_links":{"self":[{"href":"https:\/\/laptitemarmitegasconne.fr\/index.php\/wp-json\/wp\/v2\/pages\/67","targetHints":{"allow":["GET"]}}],"collection":[{"href":"https:\/\/laptitemarmitegasconne.fr\/index.php\/wp-json\/wp\/v2\/pages"}],"about":[{"href":"https:\/\/laptitemarmitegasconne.fr\/index.php\/wp-json\/wp\/v2\/types\/page"}],"author":[{"embeddable":true,"href":"https:\/\/laptitemarmitegasconne.fr\/index.php\/wp-json\/wp\/v2\/users\/1"}],"replies":[{"embeddable":true,"href":"https:\/\/laptitemarmitegasconne.fr\/index.php\/wp-json\/wp\/v2\/comments?post=67"}],"version-history":[{"count":10,"href":"https:\/\/laptitemarmitegasconne.fr\/index.php\/wp-json\/wp\/v2\/pages\/67\/revisions"}],"predecessor-version":[{"id":217,"href":"https:\/\/laptitemarmitegasconne.fr\/index.php\/wp-json\/wp\/v2\/pages\/67\/revisions\/217"}],"wp:attachment":[{"href":"https:\/\/laptitemarmitegasconne.fr\/index.php\/wp-json\/wp\/v2\/media?parent=67"}],"curies":[{"name":"wp","href":"https:\/\/api.w.org\/{rel}","templated":true}]}}